{"id":2215,"date":"2023-04-26T22:40:23","date_gmt":"2023-04-26T20:40:23","guid":{"rendered":"https:\/\/www.haeussler.name\/blogs\/hobby\/impressum-2\/"},"modified":"2023-10-24T23:08:57","modified_gmt":"2023-10-24T21:08:57","slug":"impressum-2","status":"publish","type":"page","link":"https:\/\/www.haeussler.name\/blogs\/hobby\/impressum-2\/","title":{"rendered":"Impressum"},"content":{"rendered":"\n<!-- Legal document generated by Complianz | GDPR\/CCPA Cookie Consent https:\/\/wordpress.org\/plugins\/complianz-gdpr -->\n<div id=\"cmplz-document\" class=\"cmplz-document impressum cmplz-document-all\"><p><i>Dieses Impressum wurde zuletzt am 14. Mai 2025 aktualisiert.<\/i><\/p><p class=\"cmplz-subtitle\">Der Eigent\u00fcmer dieser Website ist:<\/p><p>Christian H\u00e4ussler <br>Schustersdamm 21<br \/>\r\n96450 Coburg<br>Deutschland<br>E-Mail:&nbsp;<span class=\"cmplz-obfuscate\">&#099;&#104;r&#105;st&#105;&#097;n@<span class=\"cmplz-fmail-domain\">e&#120;&#046;c&#111;m<\/span>h&#097;&#101;us&#115;&#108;e&#114;2&#052;&#046;de<\/span><br>Telefonnummer: +4915253919323<br><\/p><p class=\"cmplz-subtitle\">Der\/die gesetzliche(n) Vertreter von Christian H\u00e4ussler :<\/p><p>Christian H\u00e4ussler<\/p><h2>1. Allgemein<\/h2><p>Wir sind bereit oder verpflichtet, an Streitbeilegungsverfahren vor einer Verbraucherschlichtungsstelle teilzunehmen.<\/p><h2>2. Die folgenden Angaben sind nach deutscher Gesetzgebung zwingend erforderlich.<\/h2><p class=\"cmplz-subtitle\">2.1 Wir stellen journalistische und redaktionell aufbereitete Inhalte zur Verf\u00fcgung.<\/p><p>Daher m\u00fcssen wir den Namen und den Wohnort der Person nennen, die f\u00fcr den Inhalt dieser Website verantwortlich ist:<br \/><br \/>Verantwortlich f\u00fcr den Inhalt nach \u00a7 18 Abs. 2 MStV ist: Christian H\u00e4ussler aus Coburg.<\/p><\/div>","protected":false},"excerpt":{"rendered":"","protected":false},"author":1,"featured_media":0,"parent":0,"menu_order":0,"comment_status":"closed","ping_status":"closed","template":"","meta":{"footnotes":""},"class_list":["post-2215","page","type-page","status-publish","hentry"],"aioseo_notices":[],"jetpack_shortlink":"https:\/\/wp.me\/P76vFd-zJ","jetpack-related-posts":[{"id":2,"url":"https:\/\/www.haeussler.name\/blogs\/hobby\/impressum\/","url_meta":{"origin":2215,"position":0},"title":"Impressum","author":"Christian H\u00e4ussler","date":"12. M\u00e4rz 2009","format":false,"excerpt":"\u00a0 Betreiber Christian H\u00e4ussler Schustersdamm 21 D-96450 Coburg Germany \u00dcber mich: about.me\/christian.haeussler Kontakt: siehe Kontakt Verantwortlich f\u00fcr den Inhalt nach \u00a7 55 Abs. 2 RStV: Christian H\u00e4ussler Inhaltlich Verantwortlicher gem\u00e4\u00df Paragraph 10 Absatz 3 MDStV: Christian H\u00e4ussler Die Verwendung der hier genannten Kontaktdaten f\u00fcr werbliche Zwecke wird hiermit untersagt!","rel":"","context":"In &quot;Allgemeines&quot;","block_context":{"text":"Allgemeines","link":"https:\/\/www.haeussler.name\/blogs\/hobby\/category\/allgemeines\/"},"img":{"alt_text":"","src":"","width":0,"height":0},"classes":[]},{"id":12,"url":"https:\/\/www.haeussler.name\/blogs\/hobby\/haftungshinweis\/","url_meta":{"origin":2215,"position":1},"title":"Haftungshinweis","author":"Christian H\u00e4ussler","date":"13. M\u00e4rz 2009","format":false,"excerpt":"Haftungshinweis Trotz sorgf\u00e4ltiger inhaltlicher Kontrolle \u00fcbernehme ich keine Haftung f\u00fcr die Inhalte externer Links. F\u00fcr den Inhalt der verlinkten Seiten sind ausschlie\u00dflich deren Betreiber verantwortlich. Jeder Autor ist f\u00fcr seine Beitr\u00e4ge (oder Kommentare) selber verantwortlich. Der Administrator \u00fcberpr\u00fcft diese jedoch in einem ihm zumutbarem Rahmen. Den Autor der Beitr\u00e4ge finden\u2026","rel":"","context":"In &quot;Allgemeines&quot;","block_context":{"text":"Allgemeines","link":"https:\/\/www.haeussler.name\/blogs\/hobby\/category\/allgemeines\/"},"img":{"alt_text":"","src":"","width":0,"height":0},"classes":[]}],"jetpack_sharing_enabled":true,"jetpack_likes_enabled":true,"_links":{"self":[{"href":"https:\/\/www.haeussler.name\/blogs\/hobby\/wp-json\/wp\/v2\/pages\/2215","targetHints":{"allow":["GET"]}}],"collection":[{"href":"https:\/\/www.haeussler.name\/blogs\/hobby\/wp-json\/wp\/v2\/pages"}],"about":[{"href":"https:\/\/www.haeussler.name\/blogs\/hobby\/wp-json\/wp\/v2\/types\/page"}],"author":[{"embeddable":true,"href":"https:\/\/www.haeussler.name\/blogs\/hobby\/wp-json\/wp\/v2\/users\/1"}],"replies":[{"embeddable":true,"href":"https:\/\/www.haeussler.name\/blogs\/hobby\/wp-json\/wp\/v2\/comments?post=2215"}],"version-history":[{"count":1,"href":"https:\/\/www.haeussler.name\/blogs\/hobby\/wp-json\/wp\/v2\/pages\/2215\/revisions"}],"predecessor-version":[{"id":2257,"href":"https:\/\/www.haeussler.name\/blogs\/hobby\/wp-json\/wp\/v2\/pages\/2215\/revisions\/2257"}],"wp:attachment":[{"href":"https:\/\/www.haeussler.name\/blogs\/hobby\/wp-json\/wp\/v2\/media?parent=2215"}],"curies":[{"name":"wp","href":"https:\/\/api.w.org\/{rel}","templated":true}]}}