{"id":1543,"date":"2013-08-13T20:50:22","date_gmt":"2013-08-13T19:50:22","guid":{"rendered":"http:\/\/www.haeussler.name\/blogs\/hobby\/kauf-bestaetigung\/"},"modified":"2013-08-13T20:50:22","modified_gmt":"2013-08-13T19:50:22","slug":"kauf-bestaetigung","status":"publish","type":"page","link":"https:\/\/www.haeussler.name\/blogs\/hobby\/kauf-bestaetigung\/","title":{"rendered":"Kauf-Best\u00e4tigung"},"content":{"rendered":"<p>Vielen Dank f\u00fcr Ihre Bestellung! <p class=\"edd-alert edd-alert-error\">Leider gab es Probleme beim Abrufen des Bestell-Belegs.<\/p><\/p>\n","protected":false},"excerpt":{"rendered":"<p>Vielen Dank f\u00fcr Ihre Bestellung!<\/p>\n","protected":false},"author":1,"featured_media":0,"parent":0,"menu_order":0,"comment_status":"closed","ping_status":"open","template":"","meta":{"jetpack_post_was_ever_published":false,"footnotes":""},"class_list":["post-1543","page","type-page","status-publish","hentry"],"aioseo_notices":[],"jetpack_shortlink":"https:\/\/wp.me\/P76vFd-oT","jetpack-related-posts":[{"id":1545,"url":"https:\/\/www.haeussler.name\/blogs\/hobby\/kasse\/bestellhistorie\/","url_meta":{"origin":1543,"position":0},"title":"Bestellhistorie","author":"Christian H\u00e4ussler","date":"13. August 2013","format":false,"excerpt":"","rel":"","context":"\u00c4hnlicher Beitrag","block_context":{"text":"\u00c4hnlicher Beitrag","link":""},"img":{"alt_text":"","src":"","width":0,"height":0},"classes":[]},{"id":12,"url":"https:\/\/www.haeussler.name\/blogs\/hobby\/haftungshinweis\/","url_meta":{"origin":1543,"position":1},"title":"Haftungshinweis","author":"Christian H\u00e4ussler","date":"13. M\u00e4rz 2009","format":false,"excerpt":"Haftungshinweis Trotz sorgf\u00e4ltiger inhaltlicher Kontrolle \u00fcbernehme ich keine Haftung f\u00fcr die Inhalte externer Links. F\u00fcr den Inhalt der verlinkten Seiten sind ausschlie\u00dflich deren Betreiber verantwortlich. Jeder Autor ist f\u00fcr seine Beitr\u00e4ge (oder Kommentare) selber verantwortlich. Der Administrator \u00fcberpr\u00fcft diese jedoch in einem ihm zumutbarem Rahmen. Den Autor der Beitr\u00e4ge finden\u2026","rel":"","context":"In &quot;Allgemeines&quot;","block_context":{"text":"Allgemeines","link":"https:\/\/www.haeussler.name\/blogs\/hobby\/category\/allgemeines\/"},"img":{"alt_text":"","src":"","width":0,"height":0},"classes":[]},{"id":2,"url":"https:\/\/www.haeussler.name\/blogs\/hobby\/impressum\/","url_meta":{"origin":1543,"position":2},"title":"Impressum","author":"Christian H\u00e4ussler","date":"12. M\u00e4rz 2009","format":false,"excerpt":"\u00a0 Betreiber Christian H\u00e4ussler Schustersdamm 21 D-96450 Coburg Germany \u00dcber mich: about.me\/christian.haeussler Kontakt: siehe Kontakt Verantwortlich f\u00fcr den Inhalt nach \u00a7 55 Abs. 2 RStV: Christian H\u00e4ussler Inhaltlich Verantwortlicher gem\u00e4\u00df Paragraph 10 Absatz 3 MDStV: Christian H\u00e4ussler Die Verwendung der hier genannten Kontaktdaten f\u00fcr werbliche Zwecke wird hiermit untersagt!","rel":"","context":"In &quot;Allgemeines&quot;","block_context":{"text":"Allgemeines","link":"https:\/\/www.haeussler.name\/blogs\/hobby\/category\/allgemeines\/"},"img":{"alt_text":"","src":"","width":0,"height":0},"classes":[]},{"id":1730,"url":"https:\/\/www.haeussler.name\/blogs\/hobby\/datenschutzerklaerung\/","url_meta":{"origin":1543,"position":3},"title":"Datenschutzerkl\u00e4rung","author":"Christian H\u00e4ussler","date":"14. Oktober 2014","format":false,"excerpt":"Datenschutzerkl\u00e4rung f\u00fcr die Nutzung von Facebook-Plugins (Like-Button) Auf unseren Seiten sind Plugins des sozialen Netzwerks Facebook (Facebook Inc., 1601 Willow Road, Menlo Park, California, 94025, USA) integriert. Die Facebook-Plugins erkennen Sie an dem Facebook-Logo oder dem \"Like-Button\" (\"Gef\u00e4llt mir\") auf unserer Seite. Eine \u00dcbersicht \u00fcber die Facebook-Plugins finden Sie hier:\u2026","rel":"","context":"\u00c4hnlicher Beitrag","block_context":{"text":"\u00c4hnlicher Beitrag","link":""},"img":{"alt_text":"","src":"","width":0,"height":0},"classes":[]}],"jetpack_sharing_enabled":true,"jetpack_likes_enabled":true,"_links":{"self":[{"href":"https:\/\/www.haeussler.name\/blogs\/hobby\/wp-json\/wp\/v2\/pages\/1543","targetHints":{"allow":["GET"]}}],"collection":[{"href":"https:\/\/www.haeussler.name\/blogs\/hobby\/wp-json\/wp\/v2\/pages"}],"about":[{"href":"https:\/\/www.haeussler.name\/blogs\/hobby\/wp-json\/wp\/v2\/types\/page"}],"author":[{"embeddable":true,"href":"https:\/\/www.haeussler.name\/blogs\/hobby\/wp-json\/wp\/v2\/users\/1"}],"replies":[{"embeddable":true,"href":"https:\/\/www.haeussler.name\/blogs\/hobby\/wp-json\/wp\/v2\/comments?post=1543"}],"version-history":[{"count":0,"href":"https:\/\/www.haeussler.name\/blogs\/hobby\/wp-json\/wp\/v2\/pages\/1543\/revisions"}],"wp:attachment":[{"href":"https:\/\/www.haeussler.name\/blogs\/hobby\/wp-json\/wp\/v2\/media?parent=1543"}],"curies":[{"name":"wp","href":"https:\/\/api.w.org\/{rel}","templated":true}]}}